{"id":16196,"date":"2025-09-24T19:18:19","date_gmt":"2025-09-24T22:18:19","guid":{"rendered":"https:\/\/www.mejoruruguay.com\/sobre-nos\/"},"modified":"2025-12-26T19:59:26","modified_gmt":"2025-12-26T22:59:26","slug":"sobre-nos","status":"publish","type":"page","link":"https:\/\/www.mejoruruguay.com\/pt-br\/sobre-nos\/","title":{"rendered":"Sobre N\u00f3s"},"content":{"rendered":"\t\t<div data-elementor-type=\"wp-page\" data-elementor-id=\"16196\" class=\"elementor elementor-16196 elementor-15289\">\n\t\t\t\t<div class=\"elementor-element elementor-element-db90ac4 e-flex e-con-boxed e-con e-parent\" data-id=\"db90ac4\" data-element_type=\"container\">\n\t\t\t\t\t<div class=\"e-con-inner\">\n\t\t\t\t<div class=\"elementor-element elementor-element-04c3edf elementor-widget elementor-widget-text-editor\" data-id=\"04c3edf\" data-element_type=\"widget\" data-widget_type=\"text-editor.default\">\n\t\t\t\t\t\t\t\t\t<p data-start=\"207\" data-end=\"603\"><span style=\"font-size: 18pt; color: #000000;\">SOBRE N\u00d3S<\/span><\/p><p data-start=\"207\" data-end=\"603\"><span style=\"color: #000000;\"><strong data-start=\"210\" data-end=\"227\">A Mejor Uruguay<\/strong> \u00e9 uma ag\u00eancia de turismo receptivo dedicada a oferecer experi\u00eancias aut\u00eanticas, seguras e memor\u00e1veis aos visitantes que decidem conhecer nosso pa\u00eds. Com uma vasta experi\u00eancia no setor de turismo, trabalhamos com uma abordagem profissional, cuidando de cada detalhe para garantir que nossos clientes vivam uma estadia enriquecedora, confort\u00e1vel e adaptada aos seus interesses. <\/span><\/p><p data-start=\"605\" data-end=\"1007\"><span style=\"color: #000000;\">Nosso compromisso se concentra na <strong data-start=\"640\" data-end=\"691\">qualidade do servi\u00e7o e<\/strong> na <strong data-start=\"640\" data-end=\"691\">aten\u00e7\u00e3o personalizada<\/strong>. Elaboramos propostas que combinam cultura, hist\u00f3ria, natureza e gastronomia, oferecendo alternativas para todos os tipos de viajantes: desde visitas guiadas \u00e0s principais atra\u00e7\u00f5es de Montevid\u00e9u at\u00e9 excurs\u00f5es de um dia inteiro a destinos emblem\u00e1ticos, como <strong data-start=\"957\" data-end=\"983\">Col\u00f4nia do Sacramento<\/strong> e <strong data-start=\"986\" data-end=\"1004\">Punta del Este<\/strong>. <\/span><\/p><p data-start=\"1009\" data-end=\"1280\"><span style=\"color: #000000;\">Tamb\u00e9m oferecemos <strong data-start=\"1027\" data-end=\"1060\">experi\u00eancias tem\u00e1ticas exclusivas<\/strong>, como visitas a vin\u00edcolas renomadas com degusta\u00e7\u00e3o e almo\u00e7o harmonizado, shows de tango com jantar inclu\u00eddo e programas especiais criados para aqueles que buscam uma imers\u00e3o mais profunda na identidade uruguaia.<\/span><\/p><p data-start=\"1282\" data-end=\"1624\"><span style=\"color: #000000;\">Para isso, contamos com uma rede de <strong data-start=\"1321\" data-end=\"1382\">parceiros e fornecedores locais cuidadosamente selecionados<\/strong>, o que nos permite garantir servi\u00e7os confi\u00e1veis e de alta qualidade. Acompanhamos os viajantes antes, durante e depois de sua experi\u00eancia, oferecendo suporte constante e garantindo que cada momento corresponda \u00e0s suas expectativas. <\/span><\/p><p data-start=\"1626\" data-end=\"1916\"><span style=\"color: #000000;\">Na <strong data-start=\"1629\" data-end=\"1646\">Mejor Uruguay<\/strong>, acreditamos que viajar \u00e9 muito mais do que se deslocar: \u00e9 <strong data-start=\"1699\" data-end=\"1740\">conectar-se com a ess\u00eancia de um destino<\/strong>. Por isso, nosso objetivo \u00e9 que cada visitante n\u00e3o apenas conhe\u00e7a o Uruguai, mas tamb\u00e9m o vivencie intensamente, levando consigo lembran\u00e7as inesquec\u00edveis e o desejo de voltar. <\/span><\/p>\t\t\t\t\t\t\t\t<\/div>\n\t\t\t\t\t<\/div>\n\t\t\t\t<\/div>\n\t\t\t\t<\/div>\n\t\t","protected":false},"excerpt":{"rendered":"<p>SOBRE N\u00d3S A Mejor Uruguay \u00e9 uma ag\u00eancia de turismo receptivo dedicada a oferecer experi\u00eancias aut\u00eanticas, seguras e memor\u00e1veis aos visitantes que decidem conhecer nosso pa\u00eds. Com uma vasta experi\u00eancia no setor de turismo, trabalhamos com uma abordagem profissional, cuidando de cada detalhe para garantir que nossos clientes vivam uma estadia enriquecedora, confort\u00e1vel e adaptada [&hellip;]<\/p>\n","protected":false},"author":1,"featured_media":0,"parent":0,"menu_order":0,"comment_status":"closed","ping_status":"closed","template":"template-blank.php","meta":{"footnotes":""},"class_list":["post-16196","page","type-page","status-publish","has-post-thumbnail","hentry"],"jetpack_sharing_enabled":true,"_links":{"self":[{"href":"https:\/\/www.mejoruruguay.com\/pt-br\/wp-json\/wp\/v2\/pages\/16196","targetHints":{"allow":["GET"]}}],"collection":[{"href":"https:\/\/www.mejoruruguay.com\/pt-br\/wp-json\/wp\/v2\/pages"}],"about":[{"href":"https:\/\/www.mejoruruguay.com\/pt-br\/wp-json\/wp\/v2\/types\/page"}],"author":[{"embeddable":true,"href":"https:\/\/www.mejoruruguay.com\/pt-br\/wp-json\/wp\/v2\/users\/1"}],"replies":[{"embeddable":true,"href":"https:\/\/www.mejoruruguay.com\/pt-br\/wp-json\/wp\/v2\/comments?post=16196"}],"version-history":[{"count":1,"href":"https:\/\/www.mejoruruguay.com\/pt-br\/wp-json\/wp\/v2\/pages\/16196\/revisions"}],"predecessor-version":[{"id":16197,"href":"https:\/\/www.mejoruruguay.com\/pt-br\/wp-json\/wp\/v2\/pages\/16196\/revisions\/16197"}],"wp:attachment":[{"href":"https:\/\/www.mejoruruguay.com\/pt-br\/wp-json\/wp\/v2\/media?parent=16196"}],"curies":[{"name":"wp","href":"https:\/\/api.w.org\/{rel}","templated":true}]}}