{"id":16543,"date":"2026-01-17T23:03:49","date_gmt":"2026-01-18T02:03:49","guid":{"rendered":"https:\/\/www.mejoruruguay.com\/product\/vinicola-santa-rosa-degustacao-classica\/"},"modified":"2026-01-17T23:03:49","modified_gmt":"2026-01-18T02:03:49","slug":"vinicola-santa-rosa-degustacao-classica","status":"publish","type":"product","link":"https:\/\/www.mejoruruguay.com\/pt-br\/servi\u00e7o\/vinicola-santa-rosa-degustacao-classica\/","title":{"rendered":"Vin\u00edcola Santa Rosa &#8211; Degusta\u00e7\u00e3o cl\u00e1ssica"},"content":{"rendered":"","protected":false},"excerpt":{"rendered":"","protected":false},"featured_media":0,"comment_status":"closed","ping_status":"closed","template":"","meta":[],"product_brand":[],"product_cat":[],"product_tag":[],"class_list":{"0":"post-16543","1":"product","2":"type-product","3":"status-publish","4":"has-post-thumbnail","7":"first","8":"instock","9":"sold-individually","10":"taxable","11":"shipping-taxable","12":"purchasable","13":"product-type-variable"},"jetpack_sharing_enabled":true,"_links":{"self":[{"href":"https:\/\/www.mejoruruguay.com\/pt-br\/wp-json\/wp\/v2\/product\/16543","targetHints":{"allow":["GET"]}}],"collection":[{"href":"https:\/\/www.mejoruruguay.com\/pt-br\/wp-json\/wp\/v2\/product"}],"about":[{"href":"https:\/\/www.mejoruruguay.com\/pt-br\/wp-json\/wp\/v2\/types\/product"}],"replies":[{"embeddable":true,"href":"https:\/\/www.mejoruruguay.com\/pt-br\/wp-json\/wp\/v2\/comments?post=16543"}],"wp:attachment":[{"href":"https:\/\/www.mejoruruguay.com\/pt-br\/wp-json\/wp\/v2\/media?parent=16543"}],"wp:term":[{"taxonomy":"product_brand","embeddable":true,"href":"https:\/\/www.mejoruruguay.com\/pt-br\/wp-json\/wp\/v2\/product_brand?post=16543"},{"taxonomy":"product_cat","embeddable":true,"href":"https:\/\/www.mejoruruguay.com\/pt-br\/wp-json\/wp\/v2\/product_cat?post=16543"},{"taxonomy":"product_tag","embeddable":true,"href":"https:\/\/www.mejoruruguay.com\/pt-br\/wp-json\/wp\/v2\/product_tag?post=16543"}],"curies":[{"name":"wp","href":"https:\/\/api.w.org\/{rel}","templated":true}]}}