{"id":16717,"date":"2026-04-06T22:30:33","date_gmt":"2026-04-07T01:30:33","guid":{"rendered":"https:\/\/www.mejoruruguay.com\/product\/vinicola-sacromonte-visita-guiada-com-degustacao-e-almoco-harmonizado\/"},"modified":"2026-04-06T22:30:33","modified_gmt":"2026-04-07T01:30:33","slug":"vinicola-sacromonte-visita-guiada-com-degustacao-e-almoco-harmonizado","status":"publish","type":"product","link":"https:\/\/www.mejoruruguay.com\/pt-br\/servi\u00e7o\/vinicola-sacromonte-visita-guiada-com-degustacao-e-almoco-harmonizado\/","title":{"rendered":"Vin\u00edcola Sacromonte &#8211; Visita guiada com degusta\u00e7\u00e3o e almo\u00e7o harmonizado"},"content":{"rendered":"","protected":false},"excerpt":{"rendered":"","protected":false},"featured_media":0,"comment_status":"closed","ping_status":"closed","template":"","meta":[],"product_brand":[],"product_cat":[],"product_tag":[],"class_list":{"0":"post-16717","1":"product","2":"type-product","3":"status-publish","4":"has-post-thumbnail","7":"first","8":"instock","9":"sold-individually","10":"taxable","11":"shipping-taxable","12":"purchasable","13":"product-type-variable"},"jetpack_sharing_enabled":true,"_links":{"self":[{"href":"https:\/\/www.mejoruruguay.com\/pt-br\/wp-json\/wp\/v2\/product\/16717","targetHints":{"allow":["GET"]}}],"collection":[{"href":"https:\/\/www.mejoruruguay.com\/pt-br\/wp-json\/wp\/v2\/product"}],"about":[{"href":"https:\/\/www.mejoruruguay.com\/pt-br\/wp-json\/wp\/v2\/types\/product"}],"replies":[{"embeddable":true,"href":"https:\/\/www.mejoruruguay.com\/pt-br\/wp-json\/wp\/v2\/comments?post=16717"}],"wp:attachment":[{"href":"https:\/\/www.mejoruruguay.com\/pt-br\/wp-json\/wp\/v2\/media?parent=16717"}],"wp:term":[{"taxonomy":"product_brand","embeddable":true,"href":"https:\/\/www.mejoruruguay.com\/pt-br\/wp-json\/wp\/v2\/product_brand?post=16717"},{"taxonomy":"product_cat","embeddable":true,"href":"https:\/\/www.mejoruruguay.com\/pt-br\/wp-json\/wp\/v2\/product_cat?post=16717"},{"taxonomy":"product_tag","embeddable":true,"href":"https:\/\/www.mejoruruguay.com\/pt-br\/wp-json\/wp\/v2\/product_tag?post=16717"}],"curies":[{"name":"wp","href":"https:\/\/api.w.org\/{rel}","templated":true}]}}